{"id":11,"date":"2015-02-10T19:21:34","date_gmt":"2015-02-10T19:21:34","guid":{"rendered":"https:\/\/avada.theme-fusion.com_demos\/architecture\/?page_id=11"},"modified":"2025-02-15T23:15:26","modified_gmt":"2025-02-15T22:15:26","slug":"lokacija","status":"publish","type":"page","link":"https:\/\/kastela-garden-residence.hr\/de\/lokacija\/","title":{"rendered":"Standort"},"content":{"rendered":"<div id=\"lokacija\" class=\"fusion-container-anchor\"><div class=\"fusion-fullwidth fullwidth-box fusion-builder-row-1 fusion-flex-container has-pattern-background has-mask-background nonhundred-percent-fullwidth non-hundred-percent-height-scrolling\" style=\"--awb-background-position:left top;--awb-border-sizes-top:0px;--awb-border-sizes-bottom:0px;--awb-border-sizes-left:0px;--awb-border-sizes-right:0px;--awb-border-radius-top-left:0px;--awb-border-radius-top-right:0px;--awb-border-radius-bottom-right:0px;--awb-border-radius-bottom-left:0px;--awb-padding-top:50px;--awb-padding-bottom:50px;--awb-flex-wrap:wrap;\" ><div class=\"fusion-builder-row fusion-row fusion-flex-align-items-flex-start fusion-flex-content-wrap\" style=\"max-width:1216.8px;margin-left: calc(-4% \/ 2 );margin-right: calc(-4% \/ 2 );\"><div class=\"fusion-layout-column fusion_builder_column fusion-builder-column-0 fusion_builder_column_1_1 1_1 fusion-flex-column\" style=\"--awb-bg-size:cover;--awb-width-large:100%;--awb-margin-top-large:0px;--awb-spacing-right-large:1.92%;--awb-margin-bottom-large:20px;--awb-spacing-left-large:1.92%;--awb-width-medium:100%;--awb-order-medium:0;--awb-spacing-right-medium:1.92%;--awb-spacing-left-medium:1.92%;--awb-width-small:100%;--awb-order-small:0;--awb-spacing-right-small:1.92%;--awb-spacing-left-small:1.92%;\"><div class=\"fusion-column-wrapper fusion-column-has-shadow fusion-flex-justify-content-flex-start fusion-content-layout-column\"><div class=\"fusion-title title fusion-title-1 fusion-sep-none fusion-title-text fusion-title-size-two\" style=\"--awb-margin-bottom:50px;--awb-margin-top-small:0px;--awb-margin-right-small:0px;--awb-margin-bottom-small:20px;--awb-margin-left-small:0px;\"><h2 class=\"fusion-title-heading title-heading-left fusion-responsive-typography-calculated\" style=\"margin:0;text-transform:capitalize;--fontSize:48;line-height:var(--awb-typography1-line-height);\">LOKACIJA<\/h2><\/div><div class=\"fusion-separator\" style=\"align-self: flex-start;margin-right:auto;margin-top:0px;margin-bottom:40px;width:100%;max-width:170px;\"><div class=\"fusion-separator-border sep-single sep-solid\" style=\"--awb-height:20px;--awb-amount:20px;--awb-sep-color:var(--awb-color3);border-color:var(--awb-color3);border-top-width:3px;\"><\/div><\/div><div class=\"fusion-image-element \" style=\"--awb-liftup-border-radius:0px;--awb-caption-title-font-family:var(--h2_typography-font-family);--awb-caption-title-font-weight:var(--h2_typography-font-weight);--awb-caption-title-font-style:var(--h2_typography-font-style);--awb-caption-title-size:var(--h2_typography-font-size);--awb-caption-title-transform:var(--h2_typography-text-transform);--awb-caption-title-line-height:var(--h2_typography-line-height);--awb-caption-title-letter-spacing:var(--h2_typography-letter-spacing);\"><div class=\"awb-image-frame awb-image-frame-1 imageframe-liftup\"><span class=\" fusion-imageframe imageframe-none imageframe-1\"><a href=\"https:\/\/kastela-garden-residence.hr\/wp-content\/uploads\/2024\/09\/karta.jpg\" class=\"fusion-lightbox\" data-rel=\"iLightbox[153f49c18ac9e9297d7]\" data-title=\"karta\" title=\"karta\"><img decoding=\"async\" width=\"1920\" height=\"912\" src=\"https:\/\/kastela-garden-residence.hr\/wp-content\/uploads\/2024\/09\/karta.jpg\" data-orig-src=\"https:\/\/kastela-garden-residence.hr\/wp-content\/uploads\/2024\/09\/karta.jpg\" alt class=\"lazyload img-responsive wp-image-1956\" srcset=\"data:image\/svg+xml,%3Csvg%20xmlns%3D%27http%3A%2F%2Fwww.w3.org%2F2000%2Fsvg%27%20width%3D%271920%27%20height%3D%27912%27%20viewBox%3D%270%200%201920%20912%27%3E%3Crect%20width%3D%271920%27%20height%3D%27912%27%20fill-opacity%3D%220%22%2F%3E%3C%2Fsvg%3E\" data-srcset=\"https:\/\/kastela-garden-residence.hr\/wp-content\/uploads\/2024\/09\/karta-200x95.jpg 200w, https:\/\/kastela-garden-residence.hr\/wp-content\/uploads\/2024\/09\/karta-400x190.jpg 400w, https:\/\/kastela-garden-residence.hr\/wp-content\/uploads\/2024\/09\/karta-600x285.jpg 600w, https:\/\/kastela-garden-residence.hr\/wp-content\/uploads\/2024\/09\/karta-800x380.jpg 800w, https:\/\/kastela-garden-residence.hr\/wp-content\/uploads\/2024\/09\/karta-1200x570.jpg 1200w, https:\/\/kastela-garden-residence.hr\/wp-content\/uploads\/2024\/09\/karta.jpg 1920w\" data-sizes=\"auto\" data-orig-sizes=\"(max-width: 800px) 100vw, (max-width: 640px) 100vw, 1200px\" \/><\/a><\/span><\/div><\/div><\/div><\/div><div class=\"fusion-layout-column fusion_builder_column fusion-builder-column-1 fusion_builder_column_1_1 1_1 fusion-flex-column\" style=\"--awb-bg-size:cover;--awb-width-large:100%;--awb-margin-top-large:0px;--awb-spacing-right-large:1.92%;--awb-margin-bottom-large:20px;--awb-spacing-left-large:1.92%;--awb-width-medium:100%;--awb-order-medium:0;--awb-spacing-right-medium:1.92%;--awb-spacing-left-medium:1.92%;--awb-width-small:100%;--awb-order-small:0;--awb-spacing-right-small:1.92%;--awb-spacing-left-small:1.92%;\"><div class=\"fusion-column-wrapper fusion-column-has-shadow fusion-flex-justify-content-flex-start fusion-content-layout-column\"><div class=\"fusion-text fusion-text-1\" style=\"--awb-font-size:19px;--awb-line-height:var(--awb-typography2-line-height);--awb-letter-spacing:var(--awb-typography2-letter-spacing);--awb-text-transform:var(--awb-typography2-text-transform);--awb-text-font-family:var(--awb-typography2-font-family);--awb-text-font-weight:var(--awb-typography2-font-weight);--awb-text-font-style:var(--awb-typography2-font-style);\"><p>Osim opisanih povijesnih znamenitosti i prirodnih ljepota makrolokacije 7 Ka\u0161tela, ovu lokaciju karakterizira i odli\u010dna prometna povezanost. Blizina priklju\u010daka na autocestu A1 (Zagreb, Split, Dubrovnik), brze ceste Trogir-Split, Stare Jadranske magistrale, lokalnih cesta, zra\u010dne luke i blizina grada Splita i Trogira klju\u010dni su argumentirani razlozi pozicioniranja rezidencijalnog naselja u to podru\u010dje.<\/p>\n<p>Pristup lokaciji Rezidencijalnog naselja Ka\u0161tela Garden Residence mogu\u0107 je na tri na\u010dina: cestovnim putem, zra\u010dnim putem i morskim putem. Lokacija rezidencijalnog naselja udaljena je 18 km od autoceste A1 i \u010dvora Prgomet, te 32 km od \u010dvora Dugopolje. Od zra\u010dne luke udaljena je 4 km, od grada Splita 18 km, a od Trogira 9 km. Marina Ka\u0161tela nalazi se 7 km udaljena.<\/p>\n<p>Trenutnu perspektivu izvrsne mikrolokacije rezidencijalnog naselja Ka\u0161tela Garden Residence svakako treba pro\u0161iriti i gledati je u kontekstu dva zna\u010dajna velika doga\u0111aja koja \u0107e se dogoditi ubrzo nakon zavr\u0161etka izgradnje ovog stambenog kompleksa. Naime, projekt koji je prije \u0161est godina progla\u0161en projektom od strate\u0161kog dr\u017eavnog interesa Republike Hrvatske sastoji se od dvije klju\u010dne faze. Prva je da \u0107e Ka\u0161telani dobiti svoj izlaz s autoceste Zagreb \u2013 Split \u2013 Dubrovnik (izlaz Vu\u010devica), jer sada koriste ili izlaz Prgomet ili izlaz Dugopolje. Zavr\u0161etak te faze uklju\u010duje probijanje tunela kroz Kozjak i gradnju spojne ceste od \u010dvora Vu\u010devica do Ka\u0161tel Kambelovca. Drugi zna\u010dajan dio tog projekta je izgradnja devet kilometara trase s mostom preko Ka\u0161telanskog zaljeva i prometnicom do gradske luke Split. Na taj na\u010din Split \u0107e dobiti novi ulaz u grad i br\u017ei izlazak na autocestu. Ka\u0161telani \u0107e, pak, s jedne strane imati brzi izlaz na autocestu, a s druge strane 10-minutni brzi dolazak do Splita, \u010dime Ka\u0161tela, osim \u0161to su ve\u0107 izrazito atraktivna lokacija za \u017eivot, postaju privla\u010dna lokacija i za same stanovnike Splita.<\/p>\n<\/div><\/div><\/div><div class=\"fusion-layout-column fusion_builder_column fusion-builder-column-2 fusion_builder_column_1_2 1_2 fusion-flex-column\" style=\"--awb-bg-size:cover;--awb-width-large:50%;--awb-margin-top-large:0px;--awb-spacing-right-large:3.84%;--awb-margin-bottom-large:20px;--awb-spacing-left-large:3.84%;--awb-width-medium:100%;--awb-order-medium:0;--awb-spacing-right-medium:1.92%;--awb-spacing-left-medium:1.92%;--awb-width-small:100%;--awb-order-small:0;--awb-spacing-right-small:1.92%;--awb-spacing-left-small:1.92%;\"><div class=\"fusion-column-wrapper fusion-column-has-shadow fusion-flex-justify-content-flex-start fusion-content-layout-column\"><div class=\"fusion-image-element \" style=\"--awb-liftup-border-radius:0px;--awb-caption-title-font-family:var(--h2_typography-font-family);--awb-caption-title-font-weight:var(--h2_typography-font-weight);--awb-caption-title-font-style:var(--h2_typography-font-style);--awb-caption-title-size:var(--h2_typography-font-size);--awb-caption-title-transform:var(--h2_typography-text-transform);--awb-caption-title-line-height:var(--h2_typography-line-height);--awb-caption-title-letter-spacing:var(--h2_typography-letter-spacing);\"><div class=\"awb-image-frame awb-image-frame-2 imageframe-liftup\"><span class=\" fusion-imageframe imageframe-none imageframe-2\"><a href=\"https:\/\/kastela-garden-residence.hr\/wp-content\/uploads\/2024\/09\/dron1.jpg\" class=\"fusion-lightbox\" data-rel=\"iLightbox[921eaa1a490503cebdf]\" data-title=\"dron1\" title=\"dron1\"><img decoding=\"async\" width=\"1920\" height=\"913\" src=\"https:\/\/kastela-garden-residence.hr\/wp-content\/uploads\/2024\/09\/dron1.jpg\" data-orig-src=\"https:\/\/kastela-garden-residence.hr\/wp-content\/uploads\/2024\/09\/dron1.jpg\" alt class=\"lazyload img-responsive wp-image-1824\" srcset=\"data:image\/svg+xml,%3Csvg%20xmlns%3D%27http%3A%2F%2Fwww.w3.org%2F2000%2Fsvg%27%20width%3D%271920%27%20height%3D%27913%27%20viewBox%3D%270%200%201920%20913%27%3E%3Crect%20width%3D%271920%27%20height%3D%27913%27%20fill-opacity%3D%220%22%2F%3E%3C%2Fsvg%3E\" data-srcset=\"https:\/\/kastela-garden-residence.hr\/wp-content\/uploads\/2024\/09\/dron1-200x95.jpg 200w, https:\/\/kastela-garden-residence.hr\/wp-content\/uploads\/2024\/09\/dron1-400x190.jpg 400w, https:\/\/kastela-garden-residence.hr\/wp-content\/uploads\/2024\/09\/dron1-600x285.jpg 600w, https:\/\/kastela-garden-residence.hr\/wp-content\/uploads\/2024\/09\/dron1-800x380.jpg 800w, https:\/\/kastela-garden-residence.hr\/wp-content\/uploads\/2024\/09\/dron1-1200x571.jpg 1200w, https:\/\/kastela-garden-residence.hr\/wp-content\/uploads\/2024\/09\/dron1.jpg 1920w\" data-sizes=\"auto\" data-orig-sizes=\"(max-width: 800px) 100vw, (max-width: 640px) 100vw, 600px\" \/><\/a><\/span><\/div><\/div><\/div><\/div><div class=\"fusion-layout-column fusion_builder_column fusion-builder-column-3 fusion_builder_column_1_2 1_2 fusion-flex-column\" style=\"--awb-bg-size:cover;--awb-width-large:50%;--awb-margin-top-large:0px;--awb-spacing-right-large:3.84%;--awb-margin-bottom-large:20px;--awb-spacing-left-large:3.84%;--awb-width-medium:100%;--awb-order-medium:0;--awb-spacing-right-medium:1.92%;--awb-spacing-left-medium:1.92%;--awb-width-small:100%;--awb-order-small:0;--awb-spacing-right-small:1.92%;--awb-spacing-left-small:1.92%;\"><div class=\"fusion-column-wrapper fusion-column-has-shadow fusion-flex-justify-content-flex-start fusion-content-layout-column\"><div class=\"fusion-image-element \" style=\"--awb-liftup-border-radius:0px;--awb-caption-title-font-family:var(--h2_typography-font-family);--awb-caption-title-font-weight:var(--h2_typography-font-weight);--awb-caption-title-font-style:var(--h2_typography-font-style);--awb-caption-title-size:var(--h2_typography-font-size);--awb-caption-title-transform:var(--h2_typography-text-transform);--awb-caption-title-line-height:var(--h2_typography-line-height);--awb-caption-title-letter-spacing:var(--h2_typography-letter-spacing);\"><div class=\"awb-image-frame awb-image-frame-3 imageframe-liftup\"><span class=\" fusion-imageframe imageframe-none imageframe-3\"><a href=\"https:\/\/kastela-garden-residence.hr\/wp-content\/uploads\/2024\/09\/dron2.jpg\" class=\"fusion-lightbox\" data-rel=\"iLightbox[7ba09cf0af083c7b7f3]\" data-title=\"dron2\" title=\"dron2\"><img decoding=\"async\" width=\"1920\" height=\"913\" src=\"https:\/\/kastela-garden-residence.hr\/wp-content\/uploads\/2024\/09\/dron2.jpg\" data-orig-src=\"https:\/\/kastela-garden-residence.hr\/wp-content\/uploads\/2024\/09\/dron2.jpg\" alt class=\"lazyload img-responsive wp-image-1825\" srcset=\"data:image\/svg+xml,%3Csvg%20xmlns%3D%27http%3A%2F%2Fwww.w3.org%2F2000%2Fsvg%27%20width%3D%271920%27%20height%3D%27913%27%20viewBox%3D%270%200%201920%20913%27%3E%3Crect%20width%3D%271920%27%20height%3D%27913%27%20fill-opacity%3D%220%22%2F%3E%3C%2Fsvg%3E\" data-srcset=\"https:\/\/kastela-garden-residence.hr\/wp-content\/uploads\/2024\/09\/dron2-200x95.jpg 200w, https:\/\/kastela-garden-residence.hr\/wp-content\/uploads\/2024\/09\/dron2-400x190.jpg 400w, https:\/\/kastela-garden-residence.hr\/wp-content\/uploads\/2024\/09\/dron2-600x285.jpg 600w, https:\/\/kastela-garden-residence.hr\/wp-content\/uploads\/2024\/09\/dron2-800x380.jpg 800w, https:\/\/kastela-garden-residence.hr\/wp-content\/uploads\/2024\/09\/dron2-1200x571.jpg 1200w, https:\/\/kastela-garden-residence.hr\/wp-content\/uploads\/2024\/09\/dron2.jpg 1920w\" data-sizes=\"auto\" data-orig-sizes=\"(max-width: 800px) 100vw, (max-width: 640px) 100vw, 600px\" \/><\/a><\/span><\/div><\/div><\/div><\/div><\/div><\/div><\/div>\n","protected":false},"excerpt":{"rendered":"","protected":false},"author":1,"featured_media":0,"parent":0,"menu_order":0,"comment_status":"closed","ping_status":"open","template":"100-width.php","meta":{"footnotes":""},"class_list":["post-11","page","type-page","status-publish","hentry"],"_links":{"self":[{"href":"https:\/\/kastela-garden-residence.hr\/de\/wp-json\/wp\/v2\/pages\/11","targetHints":{"allow":["GET"]}}],"collection":[{"href":"https:\/\/kastela-garden-residence.hr\/de\/wp-json\/wp\/v2\/pages"}],"about":[{"href":"https:\/\/kastela-garden-residence.hr\/de\/wp-json\/wp\/v2\/types\/page"}],"author":[{"embeddable":true,"href":"https:\/\/kastela-garden-residence.hr\/de\/wp-json\/wp\/v2\/users\/1"}],"replies":[{"embeddable":true,"href":"https:\/\/kastela-garden-residence.hr\/de\/wp-json\/wp\/v2\/comments?post=11"}],"version-history":[{"count":6,"href":"https:\/\/kastela-garden-residence.hr\/de\/wp-json\/wp\/v2\/pages\/11\/revisions"}],"predecessor-version":[{"id":2290,"href":"https:\/\/kastela-garden-residence.hr\/de\/wp-json\/wp\/v2\/pages\/11\/revisions\/2290"}],"wp:attachment":[{"href":"https:\/\/kastela-garden-residence.hr\/de\/wp-json\/wp\/v2\/media?parent=11"}],"curies":[{"name":"wp","href":"https:\/\/api.w.org\/{rel}","templated":true}]}}